{"id":7505,"date":"2026-04-23T04:24:43","date_gmt":"2026-04-23T04:24:43","guid":{"rendered":"https:\/\/christoskarterisavocat.com\/cookie-policy\/"},"modified":"2026-04-29T03:05:42","modified_gmt":"2026-04-29T03:05:42","slug":"cookie-policy","status":"publish","type":"page","link":"https:\/\/christoskarterisavocat.com\/en\/cookie-policy\/","title":{"rendered":"Cookie Policy"},"content":{"rendered":"\t\t<div data-elementor-type=\"wp-page\" data-elementor-id=\"7505\" class=\"elementor elementor-7505 elementor-7196\" data-elementor-post-type=\"page\">\n\t\t\t\t<div class=\"elementor-element elementor-element-0217698 e-flex e-con-boxed e-con e-parent\" data-id=\"0217698\" data-element_type=\"container\" data-e-type=\"container\" data-settings=\"{&quot;background_background&quot;:&quot;classic&quot;}\">\n\t\t\t\t\t<div class=\"e-con-inner\">\n\t\t<div class=\"elementor-element elementor-element-b3c2eda e-con-full e-flex e-con e-child\" data-id=\"b3c2eda\" data-element_type=\"container\" data-e-type=\"container\">\n\t\t\t\t<div class=\"elementor-element elementor-element-7523398 elementor-widget elementor-widget-hub_fancy_heading\" data-id=\"7523398\" data-element_type=\"widget\" data-e-type=\"widget\" data-widget_type=\"hub_fancy_heading.default\">\n\t\t\t\t<div class=\"elementor-widget-container\">\n\t\t\t\t\t\n\t\t<div id=\"ld-fancy-heading-69f22d77abdda\" class=\"ld-fancy-heading pos-rel\">\n\t\t\t<h6 class=\"ld-fh-element d-inline-block pos-rel  elementor-heading-title lqd-highlight-classic lqd-highlight-grow-left h6\"  > Me Christos Karteris<\/h6>\t\t<\/div>\n\n\t\t\t\t\t\t<\/div>\n\t\t\t\t<\/div>\n\t\t<div class=\"elementor-element elementor-element-5012b49 e-con-full e-flex e-con e-child\" data-id=\"5012b49\" data-element_type=\"container\" data-e-type=\"container\">\n\t\t<div class=\"elementor-element elementor-element-7cc1bf3 e-con-full e-flex e-con e-child\" data-id=\"7cc1bf3\" data-element_type=\"container\" data-e-type=\"container\">\n\t\t\t\t<div class=\"elementor-element elementor-element-5580a3a elementor-widget elementor-widget-hub_fancy_heading\" data-id=\"5580a3a\" data-element_type=\"widget\" data-e-type=\"widget\" data-widget_type=\"hub_fancy_heading.default\">\n\t\t\t\t<div class=\"elementor-widget-container\">\n\t\t\t\t\t\n\t\t<div id=\"ld-fancy-heading-69f22d77ac6d7\" class=\"ld-fancy-heading pos-rel\">\n\t\t\t<h1 class=\"ld-fh-element d-inline-block pos-rel  elementor-heading-title lqd-highlight-classic lqd-highlight-grow-left h1\"  > Cookies<\/h1>\t\t<\/div>\n\n\t\t\t\t\t\t<\/div>\n\t\t\t\t<\/div>\n\t\t\t\t<\/div>\n\t\t\t\t<\/div>\n\t\t\t\t<\/div>\n\t\t\t\t\t<\/div>\n\t\t\t\t<\/div>\n\t\t<div class=\"elementor-element elementor-element-e50e919 e-flex e-con-boxed e-con e-parent\" data-id=\"e50e919\" data-element_type=\"container\" data-e-type=\"container\">\n\t\t\t\t\t<div class=\"e-con-inner\">\n\t\t\t\t<div class=\"elementor-element elementor-element-30976a4 elementor-widget elementor-widget-heading\" data-id=\"30976a4\" data-element_type=\"widget\" data-e-type=\"widget\" data-widget_type=\"heading.default\">\n\t\t\t\t\t<h2 class=\"elementor-heading-title elementor-size-default\">Cookie Policy<\/h2>\t\t\t\t<\/div>\n\t\t\t\t\t<\/div>\n\t\t\t\t<\/div>\n\t\t<div class=\"elementor-element elementor-element-91e9e1f e-flex e-con-boxed e-con e-parent\" data-id=\"91e9e1f\" data-element_type=\"container\" data-e-type=\"container\">\n\t\t\t\t\t<div class=\"e-con-inner\">\n\t\t\t\t<div class=\"elementor-element elementor-element-0aa4e80 elementor-widget elementor-widget-text-editor\" data-id=\"0aa4e80\" data-element_type=\"widget\" data-e-type=\"widget\" data-widget_type=\"text-editor.default\">\n\t\t\t\t\t\t\t\t\t<p>This document informs Users about the technologies that enable the Site to achieve the purposes described below. These technologies allow the Owner to access and store information, for example through a Cookie, or to use resources, for example by running a script, on a User\u2019s device when the User interacts with the Site. <\/p><p>For ease of reference, all such technologies are referred to as \u201cTrackers\u201d in this document, unless there is a reason to differentiate them.<\/p><p>For example, while Cookies may be used on both web and mobile browsers, it would be inaccurate to refer to Cookies in the context of mobile applications, as they are browser-based Trackers. For this reason, in this document, the term Cookies is used only when specifically referring to that particular type of Tracker. <\/p><p>Some of the purposes for which Trackers are used may require the User\u2019s consent. Where consent is given, it may be freely withdrawn at any time by following the instructions provided in this document. <\/p><p>The Site uses Trackers managed directly by the Owner, known as \u201cfirst-party Trackers,\u201d as well as Trackers that enable services provided by third parties, known as \u201cthird-party Trackers.\u201d Unless otherwise specified in this document, third-party providers may access the Trackers they manage themselves. <\/p><p>The validity and expiration periods of Cookies and other similar Trackers may vary depending on the lifespan set by the Owner or the relevant provider. Some expire at the end of the User\u2019s browsing session. <\/p><p>In addition to what is specified in the descriptions of each category below, Users may find more precise and up-to-date information regarding lifespan descriptions, as well as any other useful information, such as the presence of other Trackers, in the respective privacy policies of third-party providers linked herein, or by contacting the Owner.<\/p><p>For more information dedicated to California consumers and their privacy rights, Users may read <a href=\"https:\/\/christoskarterisavocat.com\/en\/privacy-policy\/\">the Privacy Policy.<\/a><\/p>\t\t\t\t\t\t\t\t<\/div>\n\t\t\t\t<div class=\"elementor-element elementor-element-48e0682 elementor-widget elementor-widget-text-editor\" data-id=\"48e0682\" data-element_type=\"widget\" data-e-type=\"widget\" data-widget_type=\"text-editor.default\">\n\t\t\t\t\t\t\t\t\t<h4>Activities Strictly Necessary for the Operation of the Site<\/h4><p>The Site uses so-called \u201ctechnical\u201d Cookies and other similar Trackers to carry out activities that are strictly necessary for its operation.<\/p>\t\t\t\t\t\t\t\t<\/div>\n\t\t\t\t<div class=\"elementor-element elementor-element-7c017e7 elementor-widget elementor-widget-text-editor\" data-id=\"7c017e7\" data-element_type=\"widget\" data-e-type=\"widget\" data-widget_type=\"text-editor.default\">\n\t\t\t\t\t\t\t\t\t<h4>Other Activities Involving the Use of Trackers<\/h4><p><strong>Basic Interactions and Features<\/strong><\/p><p>The Site uses Trackers to enable basic interactions and features, allowing Users to access certain Site functionalities and to facilitate their communication with the Owner. (Form) <\/p><p><strong>Measurement<\/strong><\/p><p>The Site uses Trackers to measure traffic and analyze User behaviour in order to improve the Site. (Analytics) <\/p><p><strong>Targeting and Advertising<\/strong><\/p><p>The Site uses Trackers to provide personalized marketing content based on the User\u2019s behaviour and to operate, deliver, and track advertising.<\/p><p>Some services used by the Owner comply with <a href=\"https:\/\/iabeurope.eu\/transparency-consent-framework\/\" target=\"_blank\" rel=\"noopener\">the IAB Transparency and Consent Framework<\/a>, an initiative that promotes responsible privacy practices in the digital advertising industry by providing Users with greater transparency and control over how their data is used for advertising tracking purposes. Users may customize their advertising preferences at any time by accessing the advertising preferences panel from the cookie notice or through the corresponding link on the Site. <\/p><p>The Site participates in the IAB Europe Transparency and Consent Framework and complies with its specifications and policies. The Site uses Complianz | GDPR Cookie Consent as its consent management software. <\/p>\t\t\t\t\t\t\t\t<\/div>\n\t\t\t\t<div class=\"elementor-element elementor-element-f5683e7 elementor-widget elementor-widget-text-editor\" data-id=\"f5683e7\" data-element_type=\"widget\" data-e-type=\"widget\" data-widget_type=\"text-editor.default\">\n\t\t\t\t\t\t\t\t\t<h4>How to Manage Preferences and Give or Withdraw Consent<\/h4><p>There are different ways to manage Tracker preferences and to give or withdraw consent, where applicable:<\/p><p>Users may manage Tracker preferences directly through their own device settings, for example by preventing the use or storage of Trackers.<\/p><p>In addition, whenever the use of Trackers is based on consent, Users may give or withdraw such consent by setting their preferences in the cookie notice, or by updating those preferences accordingly using the appropriate consent preferences widget, where available.<\/p><p>It is also possible, through browser or device features, to delete previously stored Trackers, including those used to remember the User\u2019s initial consent.<\/p><p>Other Trackers stored in the browser\u2019s local storage may be cleared by deleting the browsing history.<\/p><p>With regard to third-party Trackers, Users may manage their preferences and withdraw their consent through the associated opt-out link, where applicable, by using the method indicated in the third party\u2019s privacy policy, or by contacting that third party directly.<\/p><p><strong>Accessing Tracker Settings<\/strong><\/p><p>Users may, for example, find information on how to manage Cookies in the most commonly used browsers at the following addresses:<\/p><p><a href=\"https:\/\/support.google.com\/chrome\/answer\/95647?hl=fr&amp;p=cpn_cookies\" target=\"_blank\" rel=\"noopener\">Google Chrome<\/a><br><a href=\"https:\/\/support.mozilla.org\/fr\/kb\/activer-desactiver-cookies\" target=\"_blank\" rel=\"noopener\">Mozilla Firefox<\/a><br><a href=\"https:\/\/support.apple.com\/fr-fr\/guide\/safari\/manage-cookies-and-website-data-sfri11471\/\" target=\"_blank\" rel=\"noopener\">Apple Safari<\/a><br><a href=\"https:\/\/support.microsoft.com\/fr-fr\/help\/4027947\" target=\"_blank\" rel=\"noopener\">Microsoft Edge<\/a><br><a href=\"https:\/\/help.opera.com\/latest\/web-preferences\/#cookies\" target=\"_blank\" rel=\"noopener\">Opera<\/a><\/p><p>Users may also manage certain categories of Trackers used on mobile applications by disabling the appropriate device settings, such as device advertising settings for mobile devices or tracking settings in general. Users may open their device settings and search for the relevant setting.<\/p><p><strong>Advertising Industry Opt-Outs<\/strong><\/p><p>Notwithstanding the foregoing, Users are informed that they may follow the instructions provided by <a href=\"http:\/\/www.youronlinechoices.eu\/\" target=\"_blank\" rel=\"noopener\">YourOnlineChoices<\/a> (Europe), The <a href=\"https:\/\/www.networkadvertising.org\/understanding-digital-advertising\" target=\"_blank\" rel=\"noopener\">Network Advertising Initiative<\/a> (United States), <a href=\"https:\/\/www.aboutads.info\/consumers\/\" target=\"_blank\" rel=\"noopener\">the Digital Advertising Alliance<\/a> (United States), <a href=\"https:\/\/youradchoices.ca\/understanding-online-advertising\/\" target=\"_blank\" rel=\"noopener\">the DAAC<\/a> (Canada), <a href=\"http:\/\/www.ddai.info\/optout\" target=\"_blank\" rel=\"noopener\">the DDAI<\/a> (Japan), or other similar services. These initiatives allow Users to select their tracking preferences for most advertising tools. The Owner therefore recommends that Users use these resources in addition to the information provided in this document.  <\/p><p>The Digital Advertising Alliance offers an application called <a href=\"https:\/\/youradchoices.com\/appchoices\" target=\"_blank\" rel=\"noopener\">AppChoices<\/a> which helps Users control interest-based advertising in mobile applications.<\/p><p><strong>Data Privacy Officer<\/strong><\/p><p>Company: Me Christos Karteris<br>Address: 500 Place d\u2019Armes, Suite 1800, Montreal, QC H2Y 2W2<br>Name: Me Christos Karteris<br>Telephone: (514) 815-9652<br>Fax: (514) 819-7723<br>Email : <a href=\"mailto:christoskarterisavocat@outlook.com\">christoskarterisavocat@outlook.com<\/a><\/p><p>Since the use of Trackers by the Site cannot be fully controlled by the Owner, any specific reference to third-party Trackers is provided for indicative purposes only. To obtain complete information, Users are invited to consult the privacy policies of the third-party services listed in this document. <\/p><p>Given the objective complexity of tracking technologies, Users are invited to contact the Owner if they wish to receive further information about the Site\u2019s use of these technologies.<\/p>\t\t\t\t\t\t\t\t<\/div>\n\t\t\t\t<div class=\"elementor-element elementor-element-69b699d elementor-widget elementor-widget-text-editor\" data-id=\"69b699d\" data-element_type=\"widget\" data-e-type=\"widget\" data-widget_type=\"text-editor.default\">\n\t\t\t\t\t\t\t\t\t<h4>Definitions and Legal References<\/h4><p><strong>Personal Information<\/strong><\/p><p>Any information that, directly, indirectly, or in connection with other information, including a personal identification number, allows for the identification or identifiability of a natural person.<\/p><p><strong>Usage Data<\/strong><\/p><p>Information collected automatically by Me Christos Karteris, or by third-party services used by Me Christos Karteris, which may include the IP addresses or domain names of the computers used by Users who use the Me Christos Karteris website, URI addresses (Uniform Resource Identifier), the time of the request, the method used to submit the request to the server, the size of the file received in response, the numerical code indicating the status of the server\u2019s response, such as successful outcome, error, etc., the country of origin, the features of the browser and operating system used by the User, various time-related details per visit, such as the time spent on each page of the Website, details regarding the path followed within the Website, with particular reference to the sequence of pages visited, and other parameters relating to the User\u2019s operating system or IT environment.<\/p><p><strong>User<\/strong><\/p><p>The person using the Me Christos Karteris website who, unless otherwise specified, corresponds to the Data Subject.<\/p><p><strong>Data Subject<\/strong><\/p><p>The natural person to whom the Personal Information refers.<\/p><p><strong>Data Processor<\/strong><\/p><p>The natural or legal person, public authority, institution, or any other body that processes Personal Information on behalf of the Data Controller, as described in this Privacy Policy.<\/p><p><strong>Data Controller \/ Owner.<\/strong><\/p><p>The natural or legal person, public authority, institution, or any other body that, alone or jointly with others, determines the purposes and means of the processing of Personal Information, including the security measures relating to the operation and use of the Me Christos Karteris website. Unless otherwise specified, the Data Controller is the Owner of the Me Christos Karteris website. <\/p><p><strong>Website<\/strong><\/p><p>The website with the domain name <a href=\"https:\/\/www.christoskarterisavocat.com\/\">christoskarterisavocat.com<\/a> through which the User\u2019s Personal Information is collected and processed.<\/p><p><strong>European Union (or EU)<\/strong><\/p><p>Unless otherwise specified, all references made in this document to the European Union include all current Member States of the European Union and the European Economic Area.<\/p><p><strong>Cookie<\/strong><\/p><p>Cookies are Trackers made up of small sets of data stored in the User\u2019s browser.<\/p><p><strong>Trackers<\/strong><\/p><p>A Tracker refers to any technology, such as Cookies, unique identifiers, web beacons, embedded scripts, e-tags, and fingerprinting, that enables Users to be tracked, for example by accessing or storing information on the User\u2019s device.<\/p>\t\t\t\t\t\t\t\t<\/div>\n\t\t\t\t<div class=\"elementor-element elementor-element-f2774af elementor-widget elementor-widget-text-editor\" data-id=\"f2774af\" data-element_type=\"widget\" data-e-type=\"widget\" data-widget_type=\"text-editor.default\">\n\t\t\t\t\t\t\t\t\t<h4>Legal Information<\/h4><p>This Privacy Policy has been prepared in compliance with the provisions of several laws, including Articles 13 and 14 of European Regulation 2016\/679, the General Data Protection Regulation.<\/p><p>This Privacy Policy applies only to <a href=\"https:\/\/www.christoskarterisavocat.com\/\">christoskarterisavocat.com<\/a><\/p>\t\t\t\t\t\t\t\t<\/div>\n\t\t\t\t<div class=\"elementor-element elementor-element-2731892 elementor-widget elementor-widget-text-editor\" data-id=\"2731892\" data-element_type=\"widget\" data-e-type=\"widget\" data-widget_type=\"text-editor.default\">\n\t\t\t\t\t\t\t\t\t<p>Last Updated: April 23, 2026<\/p>\t\t\t\t\t\t\t\t<\/div>\n\t\t\t\t\t<\/div>\n\t\t\t\t<\/div>\n\t\t\t\t<\/div>\n\t\t","protected":false},"excerpt":{"rendered":"<p>Me Christos Karteris Cookies Cookie Policy This document informs Users about the technologies that enable the Site to achieve the purposes described below. These technologies allow the Owner to access and store information, for example through a Cookie, or to use resources, for example by running a script, on a User\u2019s device when the User [&hellip;]<\/p>\n","protected":false},"author":1,"featured_media":0,"parent":0,"menu_order":0,"comment_status":"closed","ping_status":"closed","template":"","meta":{"footnotes":""},"class_list":["post-7505","page","type-page","status-publish","hentry"],"yoast_head":"<!-- This site is optimized with the Yoast SEO plugin v27.5 - https:\/\/yoast.com\/product\/yoast-seo-wordpress\/ -->\n<title>Cookie Policy - Me Christos Karteris - Avocat criminaliste \u00e0 Montr\u00e9al<\/title>\n<meta name=\"robots\" content=\"index, follow, max-snippet:-1, max-image-preview:large, max-video-preview:-1\" \/>\n<link rel=\"canonical\" href=\"https:\/\/christoskarterisavocat.com\/en\/cookie-policy\/\" \/>\n<meta property=\"og:locale\" content=\"en_US\" \/>\n<meta property=\"og:type\" content=\"article\" \/>\n<meta property=\"og:title\" content=\"Cookie Policy - Me Christos Karteris - Avocat criminaliste \u00e0 Montr\u00e9al\" \/>\n<meta property=\"og:description\" content=\"Me Christos Karteris Cookies Cookie Policy This document informs Users about the technologies that enable the Site to achieve the purposes described below. These technologies allow the Owner to access and store information, for example through a Cookie, or to use resources, for example by running a script, on a User\u2019s device when the User [&hellip;]\" \/>\n<meta property=\"og:url\" content=\"https:\/\/christoskarterisavocat.com\/en\/cookie-policy\/\" \/>\n<meta property=\"og:site_name\" content=\"Me Christos Karteris - Avocat criminaliste \u00e0 Montr\u00e9al\" \/>\n<meta property=\"article:modified_time\" content=\"2026-04-29T03:05:42+00:00\" \/>\n<meta property=\"og:image\" content=\"https:\/\/christoskarterisavocat.com\/wp-content\/uploads\/2026\/04\/Christos-Karteris-avocat-logo-noir.png\" \/>\n\t<meta property=\"og:image:width\" content=\"500\" \/>\n\t<meta property=\"og:image:height\" content=\"76\" \/>\n\t<meta property=\"og:image:type\" content=\"image\/png\" \/>\n<meta name=\"twitter:card\" content=\"summary_large_image\" \/>\n<meta name=\"twitter:label1\" content=\"Est. reading time\" \/>\n\t<meta name=\"twitter:data1\" content=\"7 minutes\" \/>\n<script type=\"application\/ld+json\" class=\"yoast-schema-graph\">{\"@context\":\"https:\\\/\\\/schema.org\",\"@graph\":[{\"@type\":\"WebPage\",\"@id\":\"https:\\\/\\\/christoskarterisavocat.com\\\/en\\\/cookie-policy\\\/\",\"url\":\"https:\\\/\\\/christoskarterisavocat.com\\\/en\\\/cookie-policy\\\/\",\"name\":\"Cookie Policy - Me Christos Karteris - Avocat criminaliste \u00e0 Montr\u00e9al\",\"isPartOf\":{\"@id\":\"https:\\\/\\\/christoskarterisavocat.com\\\/#website\"},\"datePublished\":\"2026-04-23T04:24:43+00:00\",\"dateModified\":\"2026-04-29T03:05:42+00:00\",\"breadcrumb\":{\"@id\":\"https:\\\/\\\/christoskarterisavocat.com\\\/en\\\/cookie-policy\\\/#breadcrumb\"},\"inLanguage\":\"en-US\",\"potentialAction\":[{\"@type\":\"ReadAction\",\"target\":[\"https:\\\/\\\/christoskarterisavocat.com\\\/en\\\/cookie-policy\\\/\"]}]},{\"@type\":\"BreadcrumbList\",\"@id\":\"https:\\\/\\\/christoskarterisavocat.com\\\/en\\\/cookie-policy\\\/#breadcrumb\",\"itemListElement\":[{\"@type\":\"ListItem\",\"position\":1,\"name\":\"Accueil\",\"item\":\"https:\\\/\\\/christoskarterisavocat.com\\\/en\\\/home\\\/\"},{\"@type\":\"ListItem\",\"position\":2,\"name\":\"Cookie Policy\"}]},{\"@type\":\"WebSite\",\"@id\":\"https:\\\/\\\/christoskarterisavocat.com\\\/#website\",\"url\":\"https:\\\/\\\/christoskarterisavocat.com\\\/\",\"name\":\"Me Christos Karteris - Avocat criminaliste \u00e0 Montr\u00e9al\",\"description\":\"Avocat criminaliste \u00e0 Montr\u00e9al | Alcool au volant, vol, fraude | Me Christos Karteris\",\"publisher\":{\"@id\":\"https:\\\/\\\/christoskarterisavocat.com\\\/#organization\"},\"potentialAction\":[{\"@type\":\"SearchAction\",\"target\":{\"@type\":\"EntryPoint\",\"urlTemplate\":\"https:\\\/\\\/christoskarterisavocat.com\\\/?s={search_term_string}\"},\"query-input\":{\"@type\":\"PropertyValueSpecification\",\"valueRequired\":true,\"valueName\":\"search_term_string\"}}],\"inLanguage\":\"en-US\"},{\"@type\":\"Organization\",\"@id\":\"https:\\\/\\\/christoskarterisavocat.com\\\/#organization\",\"name\":\"Me Christos Karteris - Avocat criminaliste \u00e0 Montr\u00e9al\",\"url\":\"https:\\\/\\\/christoskarterisavocat.com\\\/\",\"logo\":{\"@type\":\"ImageObject\",\"inLanguage\":\"en-US\",\"@id\":\"https:\\\/\\\/christoskarterisavocat.com\\\/#\\\/schema\\\/logo\\\/image\\\/\",\"url\":\"https:\\\/\\\/christoskarterisavocat.com\\\/wp-content\\\/uploads\\\/2026\\\/04\\\/Christos-Karteris-avocat-logo-noir.png\",\"contentUrl\":\"https:\\\/\\\/christoskarterisavocat.com\\\/wp-content\\\/uploads\\\/2026\\\/04\\\/Christos-Karteris-avocat-logo-noir.png\",\"width\":500,\"height\":76,\"caption\":\"Me Christos Karteris - Avocat criminaliste \u00e0 Montr\u00e9al\"},\"image\":{\"@id\":\"https:\\\/\\\/christoskarterisavocat.com\\\/#\\\/schema\\\/logo\\\/image\\\/\"}}]}<\/script>\n<!-- \/ Yoast SEO plugin. -->","yoast_head_json":{"title":"Cookie Policy - Me Christos Karteris - Avocat criminaliste \u00e0 Montr\u00e9al","robots":{"index":"index","follow":"follow","max-snippet":"max-snippet:-1","max-image-preview":"max-image-preview:large","max-video-preview":"max-video-preview:-1"},"canonical":"https:\/\/christoskarterisavocat.com\/en\/cookie-policy\/","og_locale":"en_US","og_type":"article","og_title":"Cookie Policy - Me Christos Karteris - Avocat criminaliste \u00e0 Montr\u00e9al","og_description":"Me Christos Karteris Cookies Cookie Policy This document informs Users about the technologies that enable the Site to achieve the purposes described below. These technologies allow the Owner to access and store information, for example through a Cookie, or to use resources, for example by running a script, on a User\u2019s device when the User [&hellip;]","og_url":"https:\/\/christoskarterisavocat.com\/en\/cookie-policy\/","og_site_name":"Me Christos Karteris - Avocat criminaliste \u00e0 Montr\u00e9al","article_modified_time":"2026-04-29T03:05:42+00:00","og_image":[{"width":500,"height":76,"url":"https:\/\/christoskarterisavocat.com\/wp-content\/uploads\/2026\/04\/Christos-Karteris-avocat-logo-noir.png","type":"image\/png"}],"twitter_card":"summary_large_image","twitter_misc":{"Est. reading time":"7 minutes"},"schema":{"@context":"https:\/\/schema.org","@graph":[{"@type":"WebPage","@id":"https:\/\/christoskarterisavocat.com\/en\/cookie-policy\/","url":"https:\/\/christoskarterisavocat.com\/en\/cookie-policy\/","name":"Cookie Policy - Me Christos Karteris - Avocat criminaliste \u00e0 Montr\u00e9al","isPartOf":{"@id":"https:\/\/christoskarterisavocat.com\/#website"},"datePublished":"2026-04-23T04:24:43+00:00","dateModified":"2026-04-29T03:05:42+00:00","breadcrumb":{"@id":"https:\/\/christoskarterisavocat.com\/en\/cookie-policy\/#breadcrumb"},"inLanguage":"en-US","potentialAction":[{"@type":"ReadAction","target":["https:\/\/christoskarterisavocat.com\/en\/cookie-policy\/"]}]},{"@type":"BreadcrumbList","@id":"https:\/\/christoskarterisavocat.com\/en\/cookie-policy\/#breadcrumb","itemListElement":[{"@type":"ListItem","position":1,"name":"Accueil","item":"https:\/\/christoskarterisavocat.com\/en\/home\/"},{"@type":"ListItem","position":2,"name":"Cookie Policy"}]},{"@type":"WebSite","@id":"https:\/\/christoskarterisavocat.com\/#website","url":"https:\/\/christoskarterisavocat.com\/","name":"Me Christos Karteris - Avocat criminaliste \u00e0 Montr\u00e9al","description":"Avocat criminaliste \u00e0 Montr\u00e9al | Alcool au volant, vol, fraude | Me Christos Karteris","publisher":{"@id":"https:\/\/christoskarterisavocat.com\/#organization"},"potentialAction":[{"@type":"SearchAction","target":{"@type":"EntryPoint","urlTemplate":"https:\/\/christoskarterisavocat.com\/?s={search_term_string}"},"query-input":{"@type":"PropertyValueSpecification","valueRequired":true,"valueName":"search_term_string"}}],"inLanguage":"en-US"},{"@type":"Organization","@id":"https:\/\/christoskarterisavocat.com\/#organization","name":"Me Christos Karteris - Avocat criminaliste \u00e0 Montr\u00e9al","url":"https:\/\/christoskarterisavocat.com\/","logo":{"@type":"ImageObject","inLanguage":"en-US","@id":"https:\/\/christoskarterisavocat.com\/#\/schema\/logo\/image\/","url":"https:\/\/christoskarterisavocat.com\/wp-content\/uploads\/2026\/04\/Christos-Karteris-avocat-logo-noir.png","contentUrl":"https:\/\/christoskarterisavocat.com\/wp-content\/uploads\/2026\/04\/Christos-Karteris-avocat-logo-noir.png","width":500,"height":76,"caption":"Me Christos Karteris - Avocat criminaliste \u00e0 Montr\u00e9al"},"image":{"@id":"https:\/\/christoskarterisavocat.com\/#\/schema\/logo\/image\/"}}]}},"_links":{"self":[{"href":"https:\/\/christoskarterisavocat.com\/en\/wp-json\/wp\/v2\/pages\/7505","targetHints":{"allow":["GET"]}}],"collection":[{"href":"https:\/\/christoskarterisavocat.com\/en\/wp-json\/wp\/v2\/pages"}],"about":[{"href":"https:\/\/christoskarterisavocat.com\/en\/wp-json\/wp\/v2\/types\/page"}],"author":[{"embeddable":true,"href":"https:\/\/christoskarterisavocat.com\/en\/wp-json\/wp\/v2\/users\/1"}],"replies":[{"embeddable":true,"href":"https:\/\/christoskarterisavocat.com\/en\/wp-json\/wp\/v2\/comments?post=7505"}],"version-history":[{"count":0,"href":"https:\/\/christoskarterisavocat.com\/en\/wp-json\/wp\/v2\/pages\/7505\/revisions"}],"wp:attachment":[{"href":"https:\/\/christoskarterisavocat.com\/en\/wp-json\/wp\/v2\/media?parent=7505"}],"curies":[{"name":"wp","href":"https:\/\/api.w.org\/{rel}","templated":true}]}}