{"id":7498,"date":"2026-04-24T03:23:41","date_gmt":"2026-04-24T03:23:41","guid":{"rendered":"https:\/\/christoskarterisavocat.com\/about\/"},"modified":"2026-04-29T02:25:39","modified_gmt":"2026-04-29T02:25:39","slug":"about","status":"publish","type":"page","link":"https:\/\/christoskarterisavocat.com\/en\/about\/","title":{"rendered":"About"},"content":{"rendered":"\t\t<div data-elementor-type=\"wp-page\" data-elementor-id=\"7498\" class=\"elementor elementor-7498 elementor-7227\" data-elementor-post-type=\"page\">\n\t\t\t\t<div class=\"elementor-element elementor-element-3b2e320 e-flex e-con-boxed e-con e-parent\" data-id=\"3b2e320\" data-element_type=\"container\" data-e-type=\"container\" data-settings=\"{&quot;background_background&quot;:&quot;classic&quot;}\">\n\t\t\t\t\t<div class=\"e-con-inner\">\n\t\t<div class=\"elementor-element elementor-element-7c1ef0b e-con-full e-flex e-con e-child\" data-id=\"7c1ef0b\" data-element_type=\"container\" data-e-type=\"container\">\n\t\t\t\t<div class=\"elementor-element elementor-element-8dc4815 elementor-widget elementor-widget-hub_fancy_heading\" data-id=\"8dc4815\" data-element_type=\"widget\" data-e-type=\"widget\" data-widget_type=\"hub_fancy_heading.default\">\n\t\t\t\t<div class=\"elementor-widget-container\">\n\t\t\t\t\t\n\t\t<div id=\"ld-fancy-heading-69f22ca0b9435\" class=\"ld-fancy-heading pos-rel\">\n\t\t\t<h6 class=\"ld-fh-element d-inline-block pos-rel  elementor-heading-title lqd-highlight-classic lqd-highlight-grow-left h6\"  > Me Christos Karteris<\/h6>\t\t<\/div>\n\n\t\t\t\t\t\t<\/div>\n\t\t\t\t<\/div>\n\t\t<div class=\"elementor-element elementor-element-bcba585 e-con-full e-flex e-con e-child\" data-id=\"bcba585\" data-element_type=\"container\" data-e-type=\"container\">\n\t\t<div class=\"elementor-element elementor-element-bcc7b4d e-con-full e-flex e-con e-child\" data-id=\"bcc7b4d\" data-element_type=\"container\" data-e-type=\"container\">\n\t\t\t\t<div class=\"elementor-element elementor-element-ed7fec1 elementor-widget elementor-widget-hub_fancy_heading\" data-id=\"ed7fec1\" data-element_type=\"widget\" data-e-type=\"widget\" data-widget_type=\"hub_fancy_heading.default\">\n\t\t\t\t<div class=\"elementor-widget-container\">\n\t\t\t\t\t\n\t\t<div id=\"ld-fancy-heading-69f22ca0b9bd5\" class=\"ld-fancy-heading pos-rel\">\n\t\t\t<h1 class=\"ld-fh-element d-inline-block pos-rel  elementor-heading-title lqd-highlight-classic lqd-highlight-grow-left h1\"  > About<\/h1>\t\t<\/div>\n\n\t\t\t\t\t\t<\/div>\n\t\t\t\t<\/div>\n\t\t\t\t<\/div>\n\t\t\t\t<\/div>\n\t\t\t\t<\/div>\n\t\t\t\t\t<\/div>\n\t\t\t\t<\/div>\n\t\t<div class=\"elementor-element elementor-element-34daa51 e-flex e-con-boxed e-con e-parent\" data-id=\"34daa51\" data-element_type=\"container\" data-e-type=\"container\" data-settings=\"{&quot;background_background&quot;:&quot;classic&quot;}\">\n\t\t\t\t\t<div class=\"e-con-inner\">\n\t\t<div class=\"elementor-element elementor-element-c99e6ee e-con-full e-flex e-con e-child\" data-id=\"c99e6ee\" data-element_type=\"container\" data-e-type=\"container\">\n\t\t\t\t<div class=\"elementor-element elementor-element-2de3215 elementor-widget elementor-widget-image\" data-id=\"2de3215\" data-element_type=\"widget\" data-e-type=\"widget\" data-widget_type=\"image.default\">\n\t\t\t\t\t\t\t\t\t\t\t\t\t\t\t<img fetchpriority=\"high\" decoding=\"async\" width=\"1333\" height=\"2000\" src=\"https:\/\/christoskarterisavocat.com\/wp-content\/uploads\/2026\/04\/Kris-Chris-2369-copie.jpg\" class=\"attachment-full size-full wp-image-7499\" alt=\"Me Christos Karteris\" srcset=\"https:\/\/christoskarterisavocat.com\/wp-content\/uploads\/2026\/04\/Kris-Chris-2369-copie.jpg 1333w, https:\/\/christoskarterisavocat.com\/wp-content\/uploads\/2026\/04\/Kris-Chris-2369-copie-200x300.jpg 200w, https:\/\/christoskarterisavocat.com\/wp-content\/uploads\/2026\/04\/Kris-Chris-2369-copie-682x1024.jpg 682w, https:\/\/christoskarterisavocat.com\/wp-content\/uploads\/2026\/04\/Kris-Chris-2369-copie-1024x1536.jpg 1024w\" sizes=\"(max-width: 1333px) 100vw, 1333px\" \/>\t\t\t\t\t\t\t\t\t\t\t\t\t\t\t<\/div>\n\t\t\t\t<\/div>\n\t\t<div class=\"elementor-element elementor-element-2ac8af3 e-con-full e-flex e-con e-child\" data-id=\"2ac8af3\" data-element_type=\"container\" data-e-type=\"container\">\n\t\t\t\t<div class=\"elementor-element elementor-element-8a99cfe elementor-align-left elementor-widget elementor-widget-ld_icon_box\" data-id=\"8a99cfe\" data-element_type=\"widget\" data-e-type=\"widget\" data-widget_type=\"ld_icon_box.default\">\n\t\t\t\t<div class=\"elementor-widget-container\">\n\t\t\t\t\t\n\t\t\t<div id=\"ld_icon_box_8a99cfe\" class=\"iconbox d-flex flex-grow-1 pos-rel flex-wrap align-items-center iconbox-inline\"   >\n\n\t\t\t\t\n\t\t\t\t<div class=\"iconbox-icon-wrap  \"><div class=\"iconbox-icon-container d-inline-flex   \"><i aria-hidden=\"true\" class=\"lqd-icn-ess icon-lqd-circle\"><\/i><\/div><\/div>\n\t\t\t\t<h3 class=\"lqd-iconbox-heading \" >Criminal Law <\/h3>\n\t\t\t\t\n\t\t\t\t\n\t\t\t\t\t\t\t\t<p><\/p>\n\t\t\t\t\n\t\t\t\t\n\t\t\t\t\n\t\t\t<\/div>\n\n\t\t\t\t\t\t<\/div>\n\t\t\t\t<\/div>\n\t\t\t\t<div class=\"elementor-element elementor-element-c5a141e elementor-widget elementor-widget-hub_fancy_heading\" data-id=\"c5a141e\" data-element_type=\"widget\" data-e-type=\"widget\" data-widget_type=\"hub_fancy_heading.default\">\n\t\t\t\t<div class=\"elementor-widget-container\">\n\t\t\t\t\t\n\t\t<div id=\"ld-fancy-heading-69f22ca0c0247\" class=\"ld-fancy-heading pos-rel\">\n\t\t\t<h2 class=\"ld-fh-element d-inline-block pos-rel  elementor-heading-title lqd-highlight-classic lqd-highlight-grow-left h2\"  > About Me Christos Karteris<\/h2>\t\t<\/div>\n\n\t\t\t\t\t\t<\/div>\n\t\t\t\t<\/div>\n\t\t\t\t<div class=\"elementor-element elementor-element-6313d87 elementor-widget elementor-widget-text-editor\" data-id=\"6313d87\" data-element_type=\"widget\" data-e-type=\"widget\" data-widget_type=\"text-editor.default\">\n\t\t\t\t\t\t\t\t\t<p><strong>Me Christos Karteris<\/strong> specializes in criminal law and has been practising law for over 19 years. He is especially appreciated for his consistently positive attitude, strong motivation, and high-quality service. He completed his legal studies at <strong>the University of Ottawa<\/strong> and earned a Bachelor\u2019s degree in Commercial Studies from <strong>Concordia University<\/strong>.  <\/p>\t\t\t\t\t\t\t\t<\/div>\n\t\t\t\t<div class=\"elementor-element elementor-element-94dcb22 elementor-widget elementor-widget-text-editor\" data-id=\"94dcb22\" data-element_type=\"widget\" data-e-type=\"widget\" data-widget_type=\"text-editor.default\">\n\t\t\t\t\t\t\t\t\t<p>After representing several hundred clients, <strong>Me Karteris<\/strong> has developed extensive expertise in all aspects of criminal law practice, including negotiations with the prosecution, skilled cross-examinations at trial, and legal research. He has also appeared in most judicial districts throughout Quebec, representing clients before both the Court of Qu\u00e9bec and various municipal courts. <\/p>\t\t\t\t\t\t\t\t<\/div>\n\t\t\t\t<div class=\"elementor-element elementor-element-ac5ea0e elementor-widget elementor-widget-text-editor\" data-id=\"ac5ea0e\" data-element_type=\"widget\" data-e-type=\"widget\" data-widget_type=\"text-editor.default\">\n\t\t\t\t\t\t\t\t\t<p><strong>Me Karteris<\/strong> places great importance on the relationship of trust he builds with his clients. He keeps them informed and reassured throughout the difficult process associated with criminal charges, while working to find a quick and effective resolution to any legal matter. <\/p>\t\t\t\t\t\t\t\t<\/div>\n\t\t\t\t<\/div>\n\t\t\t\t\t<\/div>\n\t\t\t\t<\/div>\n\t\t<div class=\"elementor-element elementor-element-6e31886 e-flex e-con-boxed e-con e-parent\" data-id=\"6e31886\" data-element_type=\"container\" data-e-type=\"container\" id=\"clients\" data-settings=\"{&quot;background_background&quot;:&quot;classic&quot;}\">\n\t\t\t\t\t<div class=\"e-con-inner\">\n\t\t<div class=\"elementor-element elementor-element-8e0fcac e-con-full e-flex e-con e-child\" data-id=\"8e0fcac\" data-element_type=\"container\" data-e-type=\"container\">\n\t\t\t\t<div class=\"elementor-element elementor-element-dd031cd elementor-widget elementor-widget-heading\" data-id=\"dd031cd\" data-element_type=\"widget\" data-e-type=\"widget\" data-widget_type=\"heading.default\">\n\t\t\t\t\t<h3 class=\"elementor-heading-title elementor-size-default\">Need to Speak Quickly with a Criminal Defence Lawyer?<\/h3>\t\t\t\t<\/div>\n\t\t\t\t<div class=\"elementor-element elementor-element-42c7be2 elementor-widget elementor-widget-text-editor\" data-id=\"42c7be2\" data-element_type=\"widget\" data-e-type=\"widget\" data-widget_type=\"text-editor.default\">\n\t\t\t\t\t\t\t\t\t<p>For an impaired driving charge, theft, fraud, or any other criminal charge, contact <strong>Me Christos Karteris<\/strong> now.<\/p>\t\t\t\t\t\t\t\t<\/div>\n\t\t<div class=\"elementor-element elementor-element-3b9fa6b e-con-full e-flex e-con e-child\" data-id=\"3b9fa6b\" data-element_type=\"container\" data-e-type=\"container\">\n\t\t\t\t<div class=\"elementor-element elementor-element-9e19c7f elementor-widget elementor-widget-button\" data-id=\"9e19c7f\" data-element_type=\"widget\" data-e-type=\"widget\" data-widget_type=\"button.default\">\n\t\t\t\t\t\t\t\t\t\t<a class=\"elementor-button elementor-button-link elementor-size-sm\" href=\"tel:5148159652\">\n\t\t\t\t\t\t<span class=\"elementor-button-content-wrapper\">\n\t\t\t\t\t\t\t\t\t<span class=\"elementor-button-text\">Call Now<\/span>\n\t\t\t\t\t<\/span>\n\t\t\t\t\t<\/a>\n\t\t\t\t\t\t\t\t<\/div>\n\t\t\t\t<div class=\"elementor-element elementor-element-4450743 elementor-widget elementor-widget-button\" data-id=\"4450743\" data-element_type=\"widget\" data-e-type=\"widget\" data-widget_type=\"button.default\">\n\t\t\t\t\t\t\t\t\t\t<a class=\"elementor-button elementor-button-link elementor-size-sm\" href=\"https:\/\/christoskarterisavocat.com\/en\/contact\/\">\n\t\t\t\t\t\t<span class=\"elementor-button-content-wrapper\">\n\t\t\t\t\t\t\t\t\t<span class=\"elementor-button-text\">Request a Consultation<\/span>\n\t\t\t\t\t<\/span>\n\t\t\t\t\t<\/a>\n\t\t\t\t\t\t\t\t<\/div>\n\t\t\t\t<\/div>\n\t\t\t\t<\/div>\n\t\t\t\t\t<\/div>\n\t\t\t\t<\/div>\n\t\t\t\t<\/div>\n\t\t","protected":false},"excerpt":{"rendered":"<p>Me Christos Karteris About Criminal Law About Me Christos Karteris Me Christos Karteris specializes in criminal law and has been practising law for over 19 years. He is especially appreciated for his consistently positive attitude, strong motivation, and high-quality service. He completed his legal studies at the University of Ottawa and earned a Bachelor\u2019s degree [&hellip;]<\/p>\n","protected":false},"author":1,"featured_media":0,"parent":0,"menu_order":0,"comment_status":"closed","ping_status":"closed","template":"","meta":{"footnotes":""},"class_list":["post-7498","page","type-page","status-publish","hentry"],"yoast_head":"<!-- This site is optimized with the Yoast SEO plugin v27.5 - https:\/\/yoast.com\/product\/yoast-seo-wordpress\/ -->\n<title>About - Me Christos Karteris - Avocat criminaliste \u00e0 Montr\u00e9al<\/title>\n<meta name=\"robots\" content=\"index, follow, max-snippet:-1, max-image-preview:large, max-video-preview:-1\" \/>\n<link rel=\"canonical\" href=\"https:\/\/christoskarterisavocat.com\/en\/about\/\" \/>\n<meta property=\"og:locale\" content=\"en_US\" \/>\n<meta property=\"og:type\" content=\"article\" \/>\n<meta property=\"og:title\" content=\"About - Me Christos Karteris - Avocat criminaliste \u00e0 Montr\u00e9al\" \/>\n<meta property=\"og:description\" content=\"Me Christos Karteris About Criminal Law About Me Christos Karteris Me Christos Karteris specializes in criminal law and has been practising law for over 19 years. He is especially appreciated for his consistently positive attitude, strong motivation, and high-quality service. He completed his legal studies at the University of Ottawa and earned a Bachelor\u2019s degree [&hellip;]\" \/>\n<meta property=\"og:url\" content=\"https:\/\/christoskarterisavocat.com\/en\/about\/\" \/>\n<meta property=\"og:site_name\" content=\"Me Christos Karteris - Avocat criminaliste \u00e0 Montr\u00e9al\" \/>\n<meta property=\"article:modified_time\" content=\"2026-04-29T02:25:39+00:00\" \/>\n<meta property=\"og:image\" content=\"https:\/\/christoskarterisavocat.com\/wp-content\/uploads\/2026\/04\/Kris-Chris-2369-copie.jpg\" \/>\n<meta name=\"twitter:card\" content=\"summary_large_image\" \/>\n<meta name=\"twitter:label1\" content=\"Est. reading time\" \/>\n\t<meta name=\"twitter:data1\" content=\"1 minute\" \/>\n<script type=\"application\/ld+json\" class=\"yoast-schema-graph\">{\"@context\":\"https:\\\/\\\/schema.org\",\"@graph\":[{\"@type\":\"WebPage\",\"@id\":\"https:\\\/\\\/christoskarterisavocat.com\\\/en\\\/about\\\/\",\"url\":\"https:\\\/\\\/christoskarterisavocat.com\\\/en\\\/about\\\/\",\"name\":\"About - Me Christos Karteris - Avocat criminaliste \u00e0 Montr\u00e9al\",\"isPartOf\":{\"@id\":\"https:\\\/\\\/christoskarterisavocat.com\\\/#website\"},\"primaryImageOfPage\":{\"@id\":\"https:\\\/\\\/christoskarterisavocat.com\\\/en\\\/about\\\/#primaryimage\"},\"image\":{\"@id\":\"https:\\\/\\\/christoskarterisavocat.com\\\/en\\\/about\\\/#primaryimage\"},\"thumbnailUrl\":\"https:\\\/\\\/christoskarterisavocat.com\\\/wp-content\\\/uploads\\\/2026\\\/04\\\/Kris-Chris-2369-copie.jpg\",\"datePublished\":\"2026-04-24T03:23:41+00:00\",\"dateModified\":\"2026-04-29T02:25:39+00:00\",\"breadcrumb\":{\"@id\":\"https:\\\/\\\/christoskarterisavocat.com\\\/en\\\/about\\\/#breadcrumb\"},\"inLanguage\":\"en-US\",\"potentialAction\":[{\"@type\":\"ReadAction\",\"target\":[\"https:\\\/\\\/christoskarterisavocat.com\\\/en\\\/about\\\/\"]}]},{\"@type\":\"ImageObject\",\"inLanguage\":\"en-US\",\"@id\":\"https:\\\/\\\/christoskarterisavocat.com\\\/en\\\/about\\\/#primaryimage\",\"url\":\"https:\\\/\\\/christoskarterisavocat.com\\\/wp-content\\\/uploads\\\/2026\\\/04\\\/Kris-Chris-2369-copie.jpg\",\"contentUrl\":\"https:\\\/\\\/christoskarterisavocat.com\\\/wp-content\\\/uploads\\\/2026\\\/04\\\/Kris-Chris-2369-copie.jpg\"},{\"@type\":\"BreadcrumbList\",\"@id\":\"https:\\\/\\\/christoskarterisavocat.com\\\/en\\\/about\\\/#breadcrumb\",\"itemListElement\":[{\"@type\":\"ListItem\",\"position\":1,\"name\":\"Accueil\",\"item\":\"https:\\\/\\\/christoskarterisavocat.com\\\/en\\\/home\\\/\"},{\"@type\":\"ListItem\",\"position\":2,\"name\":\"About\"}]},{\"@type\":\"WebSite\",\"@id\":\"https:\\\/\\\/christoskarterisavocat.com\\\/#website\",\"url\":\"https:\\\/\\\/christoskarterisavocat.com\\\/\",\"name\":\"Me Christos Karteris - Avocat criminaliste \u00e0 Montr\u00e9al\",\"description\":\"Avocat criminaliste \u00e0 Montr\u00e9al | Alcool au volant, vol, fraude | Me Christos Karteris\",\"publisher\":{\"@id\":\"https:\\\/\\\/christoskarterisavocat.com\\\/#organization\"},\"potentialAction\":[{\"@type\":\"SearchAction\",\"target\":{\"@type\":\"EntryPoint\",\"urlTemplate\":\"https:\\\/\\\/christoskarterisavocat.com\\\/?s={search_term_string}\"},\"query-input\":{\"@type\":\"PropertyValueSpecification\",\"valueRequired\":true,\"valueName\":\"search_term_string\"}}],\"inLanguage\":\"en-US\"},{\"@type\":\"Organization\",\"@id\":\"https:\\\/\\\/christoskarterisavocat.com\\\/#organization\",\"name\":\"Me Christos Karteris - Avocat criminaliste \u00e0 Montr\u00e9al\",\"url\":\"https:\\\/\\\/christoskarterisavocat.com\\\/\",\"logo\":{\"@type\":\"ImageObject\",\"inLanguage\":\"en-US\",\"@id\":\"https:\\\/\\\/christoskarterisavocat.com\\\/#\\\/schema\\\/logo\\\/image\\\/\",\"url\":\"https:\\\/\\\/christoskarterisavocat.com\\\/wp-content\\\/uploads\\\/2026\\\/04\\\/Christos-Karteris-avocat-logo-noir.png\",\"contentUrl\":\"https:\\\/\\\/christoskarterisavocat.com\\\/wp-content\\\/uploads\\\/2026\\\/04\\\/Christos-Karteris-avocat-logo-noir.png\",\"width\":500,\"height\":76,\"caption\":\"Me Christos Karteris - Avocat criminaliste \u00e0 Montr\u00e9al\"},\"image\":{\"@id\":\"https:\\\/\\\/christoskarterisavocat.com\\\/#\\\/schema\\\/logo\\\/image\\\/\"}}]}<\/script>\n<!-- \/ Yoast SEO plugin. -->","yoast_head_json":{"title":"About - Me Christos Karteris - Avocat criminaliste \u00e0 Montr\u00e9al","robots":{"index":"index","follow":"follow","max-snippet":"max-snippet:-1","max-image-preview":"max-image-preview:large","max-video-preview":"max-video-preview:-1"},"canonical":"https:\/\/christoskarterisavocat.com\/en\/about\/","og_locale":"en_US","og_type":"article","og_title":"About - Me Christos Karteris - Avocat criminaliste \u00e0 Montr\u00e9al","og_description":"Me Christos Karteris About Criminal Law About Me Christos Karteris Me Christos Karteris specializes in criminal law and has been practising law for over 19 years. He is especially appreciated for his consistently positive attitude, strong motivation, and high-quality service. He completed his legal studies at the University of Ottawa and earned a Bachelor\u2019s degree [&hellip;]","og_url":"https:\/\/christoskarterisavocat.com\/en\/about\/","og_site_name":"Me Christos Karteris - Avocat criminaliste \u00e0 Montr\u00e9al","article_modified_time":"2026-04-29T02:25:39+00:00","og_image":[{"url":"https:\/\/christoskarterisavocat.com\/wp-content\/uploads\/2026\/04\/Kris-Chris-2369-copie.jpg","type":"","width":"","height":""}],"twitter_card":"summary_large_image","twitter_misc":{"Est. reading time":"1 minute"},"schema":{"@context":"https:\/\/schema.org","@graph":[{"@type":"WebPage","@id":"https:\/\/christoskarterisavocat.com\/en\/about\/","url":"https:\/\/christoskarterisavocat.com\/en\/about\/","name":"About - Me Christos Karteris - Avocat criminaliste \u00e0 Montr\u00e9al","isPartOf":{"@id":"https:\/\/christoskarterisavocat.com\/#website"},"primaryImageOfPage":{"@id":"https:\/\/christoskarterisavocat.com\/en\/about\/#primaryimage"},"image":{"@id":"https:\/\/christoskarterisavocat.com\/en\/about\/#primaryimage"},"thumbnailUrl":"https:\/\/christoskarterisavocat.com\/wp-content\/uploads\/2026\/04\/Kris-Chris-2369-copie.jpg","datePublished":"2026-04-24T03:23:41+00:00","dateModified":"2026-04-29T02:25:39+00:00","breadcrumb":{"@id":"https:\/\/christoskarterisavocat.com\/en\/about\/#breadcrumb"},"inLanguage":"en-US","potentialAction":[{"@type":"ReadAction","target":["https:\/\/christoskarterisavocat.com\/en\/about\/"]}]},{"@type":"ImageObject","inLanguage":"en-US","@id":"https:\/\/christoskarterisavocat.com\/en\/about\/#primaryimage","url":"https:\/\/christoskarterisavocat.com\/wp-content\/uploads\/2026\/04\/Kris-Chris-2369-copie.jpg","contentUrl":"https:\/\/christoskarterisavocat.com\/wp-content\/uploads\/2026\/04\/Kris-Chris-2369-copie.jpg"},{"@type":"BreadcrumbList","@id":"https:\/\/christoskarterisavocat.com\/en\/about\/#breadcrumb","itemListElement":[{"@type":"ListItem","position":1,"name":"Accueil","item":"https:\/\/christoskarterisavocat.com\/en\/home\/"},{"@type":"ListItem","position":2,"name":"About"}]},{"@type":"WebSite","@id":"https:\/\/christoskarterisavocat.com\/#website","url":"https:\/\/christoskarterisavocat.com\/","name":"Me Christos Karteris - Avocat criminaliste \u00e0 Montr\u00e9al","description":"Avocat criminaliste \u00e0 Montr\u00e9al | Alcool au volant, vol, fraude | Me Christos Karteris","publisher":{"@id":"https:\/\/christoskarterisavocat.com\/#organization"},"potentialAction":[{"@type":"SearchAction","target":{"@type":"EntryPoint","urlTemplate":"https:\/\/christoskarterisavocat.com\/?s={search_term_string}"},"query-input":{"@type":"PropertyValueSpecification","valueRequired":true,"valueName":"search_term_string"}}],"inLanguage":"en-US"},{"@type":"Organization","@id":"https:\/\/christoskarterisavocat.com\/#organization","name":"Me Christos Karteris - Avocat criminaliste \u00e0 Montr\u00e9al","url":"https:\/\/christoskarterisavocat.com\/","logo":{"@type":"ImageObject","inLanguage":"en-US","@id":"https:\/\/christoskarterisavocat.com\/#\/schema\/logo\/image\/","url":"https:\/\/christoskarterisavocat.com\/wp-content\/uploads\/2026\/04\/Christos-Karteris-avocat-logo-noir.png","contentUrl":"https:\/\/christoskarterisavocat.com\/wp-content\/uploads\/2026\/04\/Christos-Karteris-avocat-logo-noir.png","width":500,"height":76,"caption":"Me Christos Karteris - Avocat criminaliste \u00e0 Montr\u00e9al"},"image":{"@id":"https:\/\/christoskarterisavocat.com\/#\/schema\/logo\/image\/"}}]}},"_links":{"self":[{"href":"https:\/\/christoskarterisavocat.com\/en\/wp-json\/wp\/v2\/pages\/7498","targetHints":{"allow":["GET"]}}],"collection":[{"href":"https:\/\/christoskarterisavocat.com\/en\/wp-json\/wp\/v2\/pages"}],"about":[{"href":"https:\/\/christoskarterisavocat.com\/en\/wp-json\/wp\/v2\/types\/page"}],"author":[{"embeddable":true,"href":"https:\/\/christoskarterisavocat.com\/en\/wp-json\/wp\/v2\/users\/1"}],"replies":[{"embeddable":true,"href":"https:\/\/christoskarterisavocat.com\/en\/wp-json\/wp\/v2\/comments?post=7498"}],"version-history":[{"count":0,"href":"https:\/\/christoskarterisavocat.com\/en\/wp-json\/wp\/v2\/pages\/7498\/revisions"}],"wp:attachment":[{"href":"https:\/\/christoskarterisavocat.com\/en\/wp-json\/wp\/v2\/media?parent=7498"}],"curies":[{"name":"wp","href":"https:\/\/api.w.org\/{rel}","templated":true}]}}