{"id":7495,"date":"2026-04-24T03:29:08","date_gmt":"2026-04-24T03:29:08","guid":{"rendered":"https:\/\/christoskarterisavocat.com\/contact\/"},"modified":"2026-04-29T02:20:56","modified_gmt":"2026-04-29T02:20:56","slug":"contact","status":"publish","type":"page","link":"https:\/\/christoskarterisavocat.com\/en\/contact\/","title":{"rendered":"Contact"},"content":{"rendered":"\t\t<div data-elementor-type=\"wp-page\" data-elementor-id=\"7495\" class=\"elementor elementor-7495 elementor-7237\" data-elementor-post-type=\"page\">\n\t\t\t\t<div class=\"elementor-element elementor-element-09b1a68 e-flex e-con-boxed e-con e-parent\" data-id=\"09b1a68\" data-element_type=\"container\" data-e-type=\"container\" data-settings=\"{&quot;background_background&quot;:&quot;classic&quot;}\">\n\t\t\t\t\t<div class=\"e-con-inner\">\n\t\t<div class=\"elementor-element elementor-element-afebebe e-con-full e-flex e-con e-child\" data-id=\"afebebe\" data-element_type=\"container\" data-e-type=\"container\">\n\t\t\t\t<div class=\"elementor-element elementor-element-917181e elementor-widget elementor-widget-hub_fancy_heading\" data-id=\"917181e\" data-element_type=\"widget\" data-e-type=\"widget\" data-widget_type=\"hub_fancy_heading.default\">\n\t\t\t\t<div class=\"elementor-widget-container\">\n\t\t\t\t\t\n\t\t<div id=\"ld-fancy-heading-69f22cab3a174\" class=\"ld-fancy-heading pos-rel\">\n\t\t\t<h6 class=\"ld-fh-element d-inline-block pos-rel  elementor-heading-title lqd-highlight-classic lqd-highlight-grow-left h6\"  > Me Christos Karteris<\/h6>\t\t<\/div>\n\n\t\t\t\t\t\t<\/div>\n\t\t\t\t<\/div>\n\t\t<div class=\"elementor-element elementor-element-11d441e e-con-full e-flex e-con e-child\" data-id=\"11d441e\" data-element_type=\"container\" data-e-type=\"container\">\n\t\t<div class=\"elementor-element elementor-element-b5fd0fd e-con-full e-flex e-con e-child\" data-id=\"b5fd0fd\" data-element_type=\"container\" data-e-type=\"container\">\n\t\t\t\t<div class=\"elementor-element elementor-element-2e5b071 elementor-widget elementor-widget-hub_fancy_heading\" data-id=\"2e5b071\" data-element_type=\"widget\" data-e-type=\"widget\" data-widget_type=\"hub_fancy_heading.default\">\n\t\t\t\t<div class=\"elementor-widget-container\">\n\t\t\t\t\t\n\t\t<div id=\"ld-fancy-heading-69f22cab3a8a4\" class=\"ld-fancy-heading pos-rel\">\n\t\t\t<h1 class=\"ld-fh-element d-inline-block pos-rel  elementor-heading-title lqd-highlight-classic lqd-highlight-grow-left h1\"  > Contact<\/h1>\t\t<\/div>\n\n\t\t\t\t\t\t<\/div>\n\t\t\t\t<\/div>\n\t\t\t\t<\/div>\n\t\t\t\t<\/div>\n\t\t\t\t<\/div>\n\t\t\t\t\t<\/div>\n\t\t\t\t<\/div>\n\t\t<div class=\"elementor-element elementor-element-7b1479d e-flex e-con-boxed e-con e-parent\" data-id=\"7b1479d\" data-element_type=\"container\" data-e-type=\"container\">\n\t\t\t\t\t<div class=\"e-con-inner\">\n\t\t<div class=\"elementor-element elementor-element-8a72df2 e-con-full e-flex e-con e-child\" data-id=\"8a72df2\" data-element_type=\"container\" data-e-type=\"container\">\n\t\t<div class=\"elementor-element elementor-element-5d54cb9 e-con-full e-flex e-con e-child\" data-id=\"5d54cb9\" data-element_type=\"container\" data-e-type=\"container\">\n\t\t<div class=\"elementor-element elementor-element-39f1bb5 e-con-full e-flex e-con e-child\" data-id=\"39f1bb5\" data-element_type=\"container\" data-e-type=\"container\" data-settings=\"{&quot;background_background&quot;:&quot;classic&quot;}\">\n\t\t\t\t<div class=\"elementor-element elementor-element-d46193f elementor-widget elementor-widget-hub_fancy_heading\" data-id=\"d46193f\" data-element_type=\"widget\" data-e-type=\"widget\" data-widget_type=\"hub_fancy_heading.default\">\n\t\t\t\t<div class=\"elementor-widget-container\">\n\t\t\t\t\t\n\t\t<div id=\"ld-fancy-heading-69f22cab3af38\" class=\"ld-fancy-heading pos-rel\">\n\t\t\t<h2 class=\"ld-fh-element d-inline-block pos-rel  elementor-heading-title lqd-highlight-classic lqd-highlight-grow-left h3\"  > Contact Me Christos Karteris<\/h2>\t\t<\/div>\n\n\t\t\t\t\t\t<\/div>\n\t\t\t\t<\/div>\n\t\t\t\t<div class=\"elementor-element elementor-element-eeb3c01 elementor-button-align-stretch elementor-widget elementor-widget-form\" data-id=\"eeb3c01\" data-element_type=\"widget\" data-e-type=\"widget\" data-settings=\"{&quot;step_next_label&quot;:&quot;Next&quot;,&quot;step_previous_label&quot;:&quot;Previous&quot;,&quot;button_width&quot;:&quot;100&quot;,&quot;step_type&quot;:&quot;number_text&quot;,&quot;step_icon_shape&quot;:&quot;circle&quot;}\" data-widget_type=\"form.default\">\n\t\t\t\t\t\t\t<form class=\"elementor-form\" method=\"post\" name=\"New Form\" aria-label=\"New Form\">\r\n\t\t\t<input type=\"hidden\" name=\"post_id\" value=\"7495\"\/>\r\n\t\t\t<input type=\"hidden\" name=\"form_id\" value=\"eeb3c01\"\/>\r\n\t\t\t<input type=\"hidden\" name=\"referer_title\" value=\"Contact - Me Christos Karteris - Avocat criminaliste \u00e0 Montr\u00e9al\" \/>\r\n\r\n\t\t\t\t\t\t\t<input type=\"hidden\" name=\"queried_id\" value=\"7495\"\/>\r\n\t\t\t\r\n\t\t\t<div class=\"elementor-form-fields-wrapper elementor-labels-above\">\r\n\t\t\t\t\t\t\t\t<div class=\"elementor-field-type-text elementor-field-group elementor-column elementor-field-group-name elementor-col-50 elementor-field-required\">\r\n\t\t\t\t\t\t\t\t\t\t\t\t\t<input size=\"1\" type=\"text\" name=\"form_fields[name]\" id=\"form-field-name\" class=\"elementor-field elementor-size-sm  elementor-field-textual\" placeholder=\"First and Last Name\" required=\"required\">\r\n\t\t\t\t\t\t\t\t\t\t\t<\/div>\r\n\t\t\t\t\t\t\t\t<div class=\"elementor-field-type-tel elementor-field-group elementor-column elementor-field-group-field_35d6914 elementor-col-50 elementor-field-required\">\r\n\t\t\t\t\t\t\t<input size=\"1\" type=\"tel\" name=\"form_fields[field_35d6914]\" id=\"form-field-field_35d6914\" class=\"elementor-field elementor-size-sm  elementor-field-textual\" placeholder=\"Phone\" required=\"required\" pattern=\"[0-9()#&amp;+*-=.]+\" title=\"Only numbers and phone characters (#, -, *, etc) are accepted.\">\r\n\r\n\t\t\t\t\t\t<\/div>\r\n\t\t\t\t\t\t\t\t<div class=\"elementor-field-type-email elementor-field-group elementor-column elementor-field-group-email elementor-col-50 elementor-field-required\">\r\n\t\t\t\t\t\t\t\t\t\t\t\t\t<input size=\"1\" type=\"email\" name=\"form_fields[email]\" id=\"form-field-email\" class=\"elementor-field elementor-size-sm  elementor-field-textual\" placeholder=\"Email\" required=\"required\">\r\n\t\t\t\t\t\t\t\t\t\t\t<\/div>\r\n\t\t\t\t\t\t\t\t<div class=\"elementor-field-type-select elementor-field-group elementor-column elementor-field-group-field_f092088 elementor-col-50 elementor-field-required\">\r\n\t\t\t\t\t\t\t<div class=\"elementor-field elementor-select-wrapper remove-before \">\r\n\t\t\t<div class=\"select-caret-down-wrapper\">\r\n\t\t\t\t<svg aria-hidden=\"true\" class=\"e-font-icon-svg e-eicon-caret-down\" viewBox=\"0 0 571.4 571.4\" xmlns=\"http:\/\/www.w3.org\/2000\/svg\"><path d=\"M571 393Q571 407 561 418L311 668Q300 679 286 679T261 668L11 418Q0 407 0 393T11 368 36 357H536Q550 357 561 368T571 393Z\"><\/path><\/svg>\t\t\t<\/div>\r\n\t\t\t<select name=\"form_fields[field_f092088]\" id=\"form-field-field_f092088\" class=\"elementor-field-textual elementor-size-sm\" required=\"required\">\r\n\t\t\t\t\t\t\t\t\t<option value=\"\">Case Type<\/option>\r\n\t\t\t\t\t\t\t\t\t<option value=\"Impaired Driving\">Impaired Driving<\/option>\r\n\t\t\t\t\t\t\t\t\t<option value=\"Shoplifting \/ Fraud\">Shoplifting \/ Fraud<\/option>\r\n\t\t\t\t\t\t\t\t\t<option value=\"General Criminal Law\">General Criminal Law<\/option>\r\n\t\t\t\t\t\t\t\t\t<option value=\"Assault and Related Offences\">Assault and Related Offences<\/option>\r\n\t\t\t\t\t\t\t\t\t<option value=\"Threats \/ Harassment\">Threats \/ Harassment<\/option>\r\n\t\t\t\t\t\t\t\t\t<option value=\"Breach of Conditions\">Breach of Conditions<\/option>\r\n\t\t\t\t\t\t\t\t\t<option value=\"Domestic Violence\">Domestic Violence<\/option>\r\n\t\t\t\t\t\t\t<\/select>\r\n\t\t<\/div>\r\n\t\t\t\t\t\t<\/div>\r\n\t\t\t\t\t\t\t\t<div class=\"elementor-field-type-textarea elementor-field-group elementor-column elementor-field-group-message elementor-col-100\">\r\n\t\t\t\t\t<textarea class=\"elementor-field-textual elementor-field  elementor-size-sm\" name=\"form_fields[message]\" id=\"form-field-message\" rows=\"4\" placeholder=\"Message\"><\/textarea>\t\t\t\t<\/div>\r\n\t\t\t\t\t\t\t\t<div class=\"elementor-field-group elementor-column elementor-field-type-submit elementor-col-100 e-form__buttons\">\r\n\t\t\t\t\t<button class=\"elementor-button elementor-size-sm\" type=\"submit\">\r\n\t\t\t\t\t\t<span class=\"elementor-button-content-wrapper\">\r\n\t\t\t\t\t\t\t\t\t\t\t\t\t\t\t\t\t\t\t\t\t\t<span class=\"elementor-button-text\">Get a Quick Callback<\/span>\r\n\t\t\t\t\t\t\t\t\t\t\t\t\t<\/span>\r\n\t\t\t\t\t<\/button>\r\n\t\t\t\t<\/div>\r\n\t\t\t<\/div>\r\n\t\t<\/form>\r\n\t\t\t\t\t\t<\/div>\n\t\t\t\t<\/div>\n\t\t<div class=\"elementor-element elementor-element-435d9a6 e-con-full e-flex e-con e-child\" data-id=\"435d9a6\" data-element_type=\"container\" data-e-type=\"container\" data-settings=\"{&quot;background_background&quot;:&quot;classic&quot;}\">\n\t\t\t\t<div class=\"elementor-element elementor-element-ea57281 elementor-widget elementor-widget-hub_fancy_heading\" data-id=\"ea57281\" data-element_type=\"widget\" data-e-type=\"widget\" data-widget_type=\"hub_fancy_heading.default\">\n\t\t\t\t<div class=\"elementor-widget-container\">\n\t\t\t\t\t\n\t\t<div id=\"ld-fancy-heading-69f22cab3b595\" class=\"ld-fancy-heading pos-rel\">\n\t\t\t<h2 class=\"ld-fh-element d-inline-block pos-rel  elementor-heading-title lqd-highlight-classic lqd-highlight-grow-left h2\"  > Find Us<\/h2>\t\t<\/div>\n\n\t\t\t\t\t\t<\/div>\n\t\t\t\t<\/div>\n\t\t\t\t<div class=\"elementor-element elementor-element-0830a0d elementor-widget elementor-widget-hub_fancy_heading\" data-id=\"0830a0d\" data-element_type=\"widget\" data-e-type=\"widget\" data-widget_type=\"hub_fancy_heading.default\">\n\t\t\t\t<div class=\"elementor-widget-container\">\n\t\t\t\t\t\n\t\t<div id=\"ld-fancy-heading-69f22cab3bbf7\" class=\"ld-fancy-heading pos-rel\">\n\t\t\t<p class=\"ld-fh-element d-inline-block pos-rel  lqd-highlight-classic lqd-highlight-grow-left p\"  > Me Christos Karteris\nLawyer \/ Attorney\n500 Place d\u2019Armes\nSuite 1800\nMontreal, QC H2Y 2W2<\/p>\t\t<\/div>\n\n\t\t\t\t\t\t<\/div>\n\t\t\t\t<\/div>\n\t\t\t\t<div class=\"elementor-element elementor-element-27e1b1c elementor-widget elementor-widget-ld_button\" data-id=\"27e1b1c\" data-element_type=\"widget\" data-e-type=\"widget\" data-widget_type=\"ld_button.default\">\n\t\t\t\t<div class=\"elementor-widget-container\">\n\t\t\t\t\t\n\t\t\t<a\n\t\t\t\thref=\"https:\/\/www.google.com\/maps?cid=16680182983638763408&#038;g_mp=CiVnb29nbGUubWFwcy5wbGFjZXMudjEuUGxhY2VzLkdldFBsYWNlEAIYASAA&#038;hl=fr-CA&#038;source=embed\" target=\"_blank\"class=\"elementor-button btn btn-underlined border-thin btn-icon-shaped btn-has-label\"\t\t\t>\n\t\t\t\t\t\t\t\t\t<span data-text=\"View on Google Maps\" class=\"btn-txt\">\n\t\t\t\t\t\tView on Google Maps\t\t\t\t\t<\/span>\n\t\t\t\t\t\t\t\t\t\t\t<\/a>\n\t\t\t\t\t\t\t<\/div>\n\t\t\t\t<\/div>\n\t\t\t\t<div class=\"elementor-element elementor-element-254f79f elementor-widget elementor-widget-spacer\" data-id=\"254f79f\" data-element_type=\"widget\" data-e-type=\"widget\" data-widget_type=\"spacer.default\">\n\t\t\t\t\t\t\t<div class=\"elementor-spacer\">\n\t\t\t<div class=\"elementor-spacer-inner\"><\/div>\n\t\t<\/div>\n\t\t\t\t\t\t<\/div>\n\t\t\t\t<div class=\"elementor-element elementor-element-773a4ef elementor-widget elementor-widget-hub_fancy_heading\" data-id=\"773a4ef\" data-element_type=\"widget\" data-e-type=\"widget\" data-widget_type=\"hub_fancy_heading.default\">\n\t\t\t\t<div class=\"elementor-widget-container\">\n\t\t\t\t\t\n\t\t<div id=\"ld-fancy-heading-69f22cab405e2\" class=\"ld-fancy-heading pos-rel\">\n\t\t\t<p class=\"ld-fh-element d-inline-block pos-rel  lqd-highlight-classic lqd-highlight-grow-left p\"  > Email: christoskarterisavocat@outlook.com<\/p>\t\t<\/div>\n\n\t\t\t\t\t\t<\/div>\n\t\t\t\t<\/div>\n\t\t\t\t<div class=\"elementor-element elementor-element-a0d5e98 elementor-widget elementor-widget-hub_fancy_heading\" data-id=\"a0d5e98\" data-element_type=\"widget\" data-e-type=\"widget\" data-widget_type=\"hub_fancy_heading.default\">\n\t\t\t\t<div class=\"elementor-widget-container\">\n\t\t\t\t\t\n\t\t<div id=\"ld-fancy-heading-69f22cab40ca0\" class=\"ld-fancy-heading pos-rel\">\n\t\t\t<p class=\"ld-fh-element d-inline-block pos-rel  lqd-highlight-classic lqd-highlight-grow-left p\"  > Phone: +1 (514) 815-9652<\/p>\t\t<\/div>\n\n\t\t\t\t\t\t<\/div>\n\t\t\t\t<\/div>\n\t\t\t\t<\/div>\n\t\t\t\t<\/div>\n\t\t\t\t<\/div>\n\t\t\t\t\t<\/div>\n\t\t\t\t<\/div>\n\t\t\t\t<\/div>\n\t\t","protected":false},"excerpt":{"rendered":"<p>Me Christos Karteris Contact Contact Me Christos Karteris Find Us Me Christos Karteris Lawyer \/ Attorney 500 Place d\u2019Armes Suite 1800 Montreal, QC H2Y 2W2 View on Google Maps Email: christoskarterisavocat@outlook.com Phone: +1 (514) 815-9652<\/p>\n","protected":false},"author":1,"featured_media":0,"parent":0,"menu_order":0,"comment_status":"closed","ping_status":"closed","template":"","meta":{"footnotes":""},"class_list":["post-7495","page","type-page","status-publish","hentry"],"yoast_head":"<!-- This site is optimized with the Yoast SEO plugin v27.5 - https:\/\/yoast.com\/product\/yoast-seo-wordpress\/ -->\n<title>Contact - Me Christos Karteris - Avocat criminaliste \u00e0 Montr\u00e9al<\/title>\n<meta name=\"robots\" content=\"index, follow, max-snippet:-1, max-image-preview:large, max-video-preview:-1\" \/>\n<link rel=\"canonical\" href=\"https:\/\/christoskarterisavocat.com\/en\/contact\/\" \/>\n<meta property=\"og:locale\" content=\"en_US\" \/>\n<meta property=\"og:type\" content=\"article\" \/>\n<meta property=\"og:title\" content=\"Contact - Me Christos Karteris - Avocat criminaliste \u00e0 Montr\u00e9al\" \/>\n<meta property=\"og:description\" content=\"Me Christos Karteris Contact Contact Me Christos Karteris Find Us Me Christos Karteris Lawyer \/ Attorney 500 Place d\u2019Armes Suite 1800 Montreal, QC H2Y 2W2 View on Google Maps Email: christoskarterisavocat@outlook.com Phone: +1 (514) 815-9652\" \/>\n<meta property=\"og:url\" content=\"https:\/\/christoskarterisavocat.com\/en\/contact\/\" \/>\n<meta property=\"og:site_name\" content=\"Me Christos Karteris - Avocat criminaliste \u00e0 Montr\u00e9al\" \/>\n<meta property=\"article:modified_time\" content=\"2026-04-29T02:20:56+00:00\" \/>\n<meta property=\"og:image\" content=\"https:\/\/christoskarterisavocat.com\/wp-content\/uploads\/2026\/04\/Christos-Karteris-avocat-logo-noir.png\" \/>\n\t<meta property=\"og:image:width\" content=\"500\" \/>\n\t<meta property=\"og:image:height\" content=\"76\" \/>\n\t<meta property=\"og:image:type\" content=\"image\/png\" \/>\n<meta name=\"twitter:card\" content=\"summary_large_image\" \/>\n<script type=\"application\/ld+json\" class=\"yoast-schema-graph\">{\"@context\":\"https:\\\/\\\/schema.org\",\"@graph\":[{\"@type\":\"WebPage\",\"@id\":\"https:\\\/\\\/christoskarterisavocat.com\\\/en\\\/contact\\\/\",\"url\":\"https:\\\/\\\/christoskarterisavocat.com\\\/en\\\/contact\\\/\",\"name\":\"Contact - Me Christos Karteris - Avocat criminaliste \u00e0 Montr\u00e9al\",\"isPartOf\":{\"@id\":\"https:\\\/\\\/christoskarterisavocat.com\\\/#website\"},\"datePublished\":\"2026-04-24T03:29:08+00:00\",\"dateModified\":\"2026-04-29T02:20:56+00:00\",\"breadcrumb\":{\"@id\":\"https:\\\/\\\/christoskarterisavocat.com\\\/en\\\/contact\\\/#breadcrumb\"},\"inLanguage\":\"en-US\",\"potentialAction\":[{\"@type\":\"ReadAction\",\"target\":[\"https:\\\/\\\/christoskarterisavocat.com\\\/en\\\/contact\\\/\"]}]},{\"@type\":\"BreadcrumbList\",\"@id\":\"https:\\\/\\\/christoskarterisavocat.com\\\/en\\\/contact\\\/#breadcrumb\",\"itemListElement\":[{\"@type\":\"ListItem\",\"position\":1,\"name\":\"Accueil\",\"item\":\"https:\\\/\\\/christoskarterisavocat.com\\\/en\\\/home\\\/\"},{\"@type\":\"ListItem\",\"position\":2,\"name\":\"Contact\"}]},{\"@type\":\"WebSite\",\"@id\":\"https:\\\/\\\/christoskarterisavocat.com\\\/#website\",\"url\":\"https:\\\/\\\/christoskarterisavocat.com\\\/\",\"name\":\"Me Christos Karteris - Avocat criminaliste \u00e0 Montr\u00e9al\",\"description\":\"Avocat criminaliste \u00e0 Montr\u00e9al | Alcool au volant, vol, fraude | Me Christos Karteris\",\"publisher\":{\"@id\":\"https:\\\/\\\/christoskarterisavocat.com\\\/#organization\"},\"potentialAction\":[{\"@type\":\"SearchAction\",\"target\":{\"@type\":\"EntryPoint\",\"urlTemplate\":\"https:\\\/\\\/christoskarterisavocat.com\\\/?s={search_term_string}\"},\"query-input\":{\"@type\":\"PropertyValueSpecification\",\"valueRequired\":true,\"valueName\":\"search_term_string\"}}],\"inLanguage\":\"en-US\"},{\"@type\":\"Organization\",\"@id\":\"https:\\\/\\\/christoskarterisavocat.com\\\/#organization\",\"name\":\"Me Christos Karteris - Avocat criminaliste \u00e0 Montr\u00e9al\",\"url\":\"https:\\\/\\\/christoskarterisavocat.com\\\/\",\"logo\":{\"@type\":\"ImageObject\",\"inLanguage\":\"en-US\",\"@id\":\"https:\\\/\\\/christoskarterisavocat.com\\\/#\\\/schema\\\/logo\\\/image\\\/\",\"url\":\"https:\\\/\\\/christoskarterisavocat.com\\\/wp-content\\\/uploads\\\/2026\\\/04\\\/Christos-Karteris-avocat-logo-noir.png\",\"contentUrl\":\"https:\\\/\\\/christoskarterisavocat.com\\\/wp-content\\\/uploads\\\/2026\\\/04\\\/Christos-Karteris-avocat-logo-noir.png\",\"width\":500,\"height\":76,\"caption\":\"Me Christos Karteris - Avocat criminaliste \u00e0 Montr\u00e9al\"},\"image\":{\"@id\":\"https:\\\/\\\/christoskarterisavocat.com\\\/#\\\/schema\\\/logo\\\/image\\\/\"}}]}<\/script>\n<!-- \/ Yoast SEO plugin. -->","yoast_head_json":{"title":"Contact - Me Christos Karteris - Avocat criminaliste \u00e0 Montr\u00e9al","robots":{"index":"index","follow":"follow","max-snippet":"max-snippet:-1","max-image-preview":"max-image-preview:large","max-video-preview":"max-video-preview:-1"},"canonical":"https:\/\/christoskarterisavocat.com\/en\/contact\/","og_locale":"en_US","og_type":"article","og_title":"Contact - Me Christos Karteris - Avocat criminaliste \u00e0 Montr\u00e9al","og_description":"Me Christos Karteris Contact Contact Me Christos Karteris Find Us Me Christos Karteris Lawyer \/ Attorney 500 Place d\u2019Armes Suite 1800 Montreal, QC H2Y 2W2 View on Google Maps Email: christoskarterisavocat@outlook.com Phone: +1 (514) 815-9652","og_url":"https:\/\/christoskarterisavocat.com\/en\/contact\/","og_site_name":"Me Christos Karteris - Avocat criminaliste \u00e0 Montr\u00e9al","article_modified_time":"2026-04-29T02:20:56+00:00","og_image":[{"width":500,"height":76,"url":"https:\/\/christoskarterisavocat.com\/wp-content\/uploads\/2026\/04\/Christos-Karteris-avocat-logo-noir.png","type":"image\/png"}],"twitter_card":"summary_large_image","schema":{"@context":"https:\/\/schema.org","@graph":[{"@type":"WebPage","@id":"https:\/\/christoskarterisavocat.com\/en\/contact\/","url":"https:\/\/christoskarterisavocat.com\/en\/contact\/","name":"Contact - Me Christos Karteris - Avocat criminaliste \u00e0 Montr\u00e9al","isPartOf":{"@id":"https:\/\/christoskarterisavocat.com\/#website"},"datePublished":"2026-04-24T03:29:08+00:00","dateModified":"2026-04-29T02:20:56+00:00","breadcrumb":{"@id":"https:\/\/christoskarterisavocat.com\/en\/contact\/#breadcrumb"},"inLanguage":"en-US","potentialAction":[{"@type":"ReadAction","target":["https:\/\/christoskarterisavocat.com\/en\/contact\/"]}]},{"@type":"BreadcrumbList","@id":"https:\/\/christoskarterisavocat.com\/en\/contact\/#breadcrumb","itemListElement":[{"@type":"ListItem","position":1,"name":"Accueil","item":"https:\/\/christoskarterisavocat.com\/en\/home\/"},{"@type":"ListItem","position":2,"name":"Contact"}]},{"@type":"WebSite","@id":"https:\/\/christoskarterisavocat.com\/#website","url":"https:\/\/christoskarterisavocat.com\/","name":"Me Christos Karteris - Avocat criminaliste \u00e0 Montr\u00e9al","description":"Avocat criminaliste \u00e0 Montr\u00e9al | Alcool au volant, vol, fraude | Me Christos Karteris","publisher":{"@id":"https:\/\/christoskarterisavocat.com\/#organization"},"potentialAction":[{"@type":"SearchAction","target":{"@type":"EntryPoint","urlTemplate":"https:\/\/christoskarterisavocat.com\/?s={search_term_string}"},"query-input":{"@type":"PropertyValueSpecification","valueRequired":true,"valueName":"search_term_string"}}],"inLanguage":"en-US"},{"@type":"Organization","@id":"https:\/\/christoskarterisavocat.com\/#organization","name":"Me Christos Karteris - Avocat criminaliste \u00e0 Montr\u00e9al","url":"https:\/\/christoskarterisavocat.com\/","logo":{"@type":"ImageObject","inLanguage":"en-US","@id":"https:\/\/christoskarterisavocat.com\/#\/schema\/logo\/image\/","url":"https:\/\/christoskarterisavocat.com\/wp-content\/uploads\/2026\/04\/Christos-Karteris-avocat-logo-noir.png","contentUrl":"https:\/\/christoskarterisavocat.com\/wp-content\/uploads\/2026\/04\/Christos-Karteris-avocat-logo-noir.png","width":500,"height":76,"caption":"Me Christos Karteris - Avocat criminaliste \u00e0 Montr\u00e9al"},"image":{"@id":"https:\/\/christoskarterisavocat.com\/#\/schema\/logo\/image\/"}}]}},"_links":{"self":[{"href":"https:\/\/christoskarterisavocat.com\/en\/wp-json\/wp\/v2\/pages\/7495","targetHints":{"allow":["GET"]}}],"collection":[{"href":"https:\/\/christoskarterisavocat.com\/en\/wp-json\/wp\/v2\/pages"}],"about":[{"href":"https:\/\/christoskarterisavocat.com\/en\/wp-json\/wp\/v2\/types\/page"}],"author":[{"embeddable":true,"href":"https:\/\/christoskarterisavocat.com\/en\/wp-json\/wp\/v2\/users\/1"}],"replies":[{"embeddable":true,"href":"https:\/\/christoskarterisavocat.com\/en\/wp-json\/wp\/v2\/comments?post=7495"}],"version-history":[{"count":0,"href":"https:\/\/christoskarterisavocat.com\/en\/wp-json\/wp\/v2\/pages\/7495\/revisions"}],"wp:attachment":[{"href":"https:\/\/christoskarterisavocat.com\/en\/wp-json\/wp\/v2\/media?parent=7495"}],"curies":[{"name":"wp","href":"https:\/\/api.w.org\/{rel}","templated":true}]}}